{"id":1086,"date":"2023-02-08T19:09:18","date_gmt":"2023-02-08T19:09:18","guid":{"rendered":"https:\/\/valiant.ad\/politica-de-privacitat\/"},"modified":"2025-12-11T20:48:26","modified_gmt":"2025-12-11T20:48:26","slug":"politica-de-privacitat","status":"publish","type":"page","link":"https:\/\/valiant.ad\/ca\/politica-de-privacitat\/","title":{"rendered":"Pol\u00edtica de privacitat"},"content":{"rendered":"\n<h2 class=\"wp-block-heading\">Visi\u00f3 general<\/h2>\n\n<p>A Valiant SLU, entenem que la privacitat de la teva Informaci\u00f3 Personal Identificable (PII) \u00e9s important. PII fa refer\u00e8ncia a qualsevol informaci\u00f3 que pugui identificar, contactar o localitzar una persona, ja sigui sola o conjuntament amb altra informaci\u00f3. Aquesta pol\u00edtica de privacitat detalla com recollim, utilitzem, protegim i gestionem la vostra PII d&#8217;acord amb el nostre lloc web.  <\/p>\n\n<h2 class=\"wp-block-heading\">Fem servir galetes?<\/h2>\n\n<p>\u00das de galetes Utilitzem galetes, que s\u00f3n petits fitxers que el nostre lloc web o prove\u00efdor de serveis transfereix al disc dur del teu ordinador a trav\u00e9s del teu navegador web (si est\u00e0 perm\u00e8s), per ajudar-nos a recon\u00e8ixer el teu navegador, recordar i processar els articles del teu carret\u00f3 de la compra, i entendre les teves prefer\u00e8ncies segons l&#8217;activitat anterior o actual del lloc. Les galetes tamb\u00e9 ens ajuden a recopilar dades agregades sobre el tr\u00e0nsit i les interaccions del lloc per tal de millorar les experi\u00e8ncies i eines del nostre lloc en el futur. <\/p>\n\n<p><strong>Utilitzem galetes per:<\/strong><\/p>\n\n<ul class=\"wp-block-list\">\n<li>Compila dades agregades sobre el tr\u00e0nsit del lloc i les interaccions amb el lloc per oferir millors experi\u00e8ncies i eines al lloc en el futur.<\/li>\n\n\n\n<li>Utilitza serveis de tercers de confian\u00e7a que fan el seguiment d&#8217;aquesta informaci\u00f3 en nom nostre.<\/li>\n<\/ul>\n\n<p>Pots triar que el teu ordinador t&#8217;avisi cada vegada que s&#8217;envi\u00ef una galeta, o pots desactivar totes les galetes des de la configuraci\u00f3 del navegador. Tanmateix, algunes funcions del nostre lloc web poden no funcionar correctament si ho fas. <\/p>\n\n<h2 class=\"wp-block-heading\">Divulgaci\u00f3 de tercers  <\/h2>\n\n<p>No venem, intercanviem ni transferim la vostra Informaci\u00f3 Identificable Personal a tercers tret que proporcionem un av\u00eds previ. Aix\u00f2 no inclou els socis d&#8217;allotjament del lloc web ni altres parts que ens ajuden a operar el nostre lloc web, fer el nostre negoci o atendre els nostres usuaris, sempre que aquestes parts acceptin mantenir aquesta informaci\u00f3 confidencial. Tamb\u00e9 podem publicar informaci\u00f3 quan sigui apropiat complir la llei, fer complir les pol\u00edtiques del nostre lloc o protegir els nostres drets, propietat o seguretat o d&#8217;altres. Tanmateix, es pot proporcionar informaci\u00f3 de visitant no identificable personalment a altres parts per a m\u00e0rqueting, publicitat o altres usos.   <\/p>\n\n<h3 class=\"wp-block-heading\">Enlla\u00e7os de tercers  <\/h3>\n\n<p>De vegades, podem oferir o incloure productes o serveis de tercers al nostre lloc web. Aquests llocs de tercers tenen pol\u00edtiques de privacitat separades i independents. No tenim cap responsabilitat ni responsabilitat pel contingut i les activitats d&#8217;aquests llocs enlla\u00e7ats, per\u00f2 ens esforcem per protegir la integritat del nostre lloc i donem la benvinguda a qualsevol comentari sobre aquests llocs.  <\/p>\n\n<p>Google Advertising Potser activem Google AdSense al nostre lloc web en el futur. Els requisits publicitaris de Google es poden trobar als Principis de Publicitat de Google, que estan dissenyats per oferir una experi\u00e8ncia positiva als usuaris. Si us plau, visiteu l&#8217;enlla\u00e7 proporcionat per a m\u00e9s informaci\u00f3.  <\/p>\n\n<h2 class=\"wp-block-heading\">Llei de Protecci\u00f3 de la Privacitat en L\u00ednia de Calif\u00f2rnia (CalOPPA)<\/h2>\n\n<p>CalOPPA \u00e9s una llei estatal que exigeix que els llocs web comercials i els serveis en l\u00ednia publiquin una pol\u00edtica de privacitat. Aquesta llei s&#8217;aplica a qualsevol persona o empresa als Estats Units (i potencialment al m\u00f3n) que gestioni llocs web que recullin Informaci\u00f3 Personalment Identificable dels consumidors de Calif\u00f2rnia. La nostra pol\u00edtica de privacitat detalla clarament la informaci\u00f3 que es recull i les persones o empreses amb qui es comparteix.  <\/p>\n\n<h3 class=\"wp-block-heading\">Llei de Protecci\u00f3 de la Privacitat en L\u00ednia dels Infants (COPPA)<\/h3>\n\n<p>Complim amb la Llei de Protecci\u00f3 de la Privacitat Infantil en L\u00ednia (COPPA) quan recollim informaci\u00f3 personal de menors de 13 anys. La Comissi\u00f3 Federal de Comer\u00e7 fa complir la norma COPPA, que estableix qu\u00e8 han de fer els operadors de llocs web i els serveis en l\u00ednia per protegir la privacitat i la seguretat dels infants en l\u00ednia. <\/p>\n","protected":false},"excerpt":{"rendered":"<p>Visi\u00f3 general A Valiant SLU, entenem que la privacitat de la teva Informaci\u00f3 Personal Identificable (PII) \u00e9s important. PII fa refer\u00e8ncia a qualsevol informaci\u00f3 que pugui identificar, contactar o localitzar una persona, ja sigui sola o conjuntament amb altra informaci\u00f3. Aquesta pol\u00edtica de privacitat detalla com recollim, utilitzem, protegim i gestionem la vostra PII d&#8217;acord [&hellip;]<\/p>\n","protected":false},"author":1,"featured_media":0,"parent":0,"menu_order":0,"comment_status":"closed","ping_status":"open","template":"","meta":{"site-sidebar-layout":"default","site-content-layout":"","ast-site-content-layout":"default","site-content-style":"default","site-sidebar-style":"default","ast-global-header-display":"","ast-banner-title-visibility":"","ast-main-header-display":"","ast-hfb-above-header-display":"","ast-hfb-below-header-display":"","ast-hfb-mobile-header-display":"","site-post-title":"","ast-breadcrumbs-content":"","ast-featured-img":"","footer-sml-layout":"","ast-disable-related-posts":"","theme-transparent-header-meta":"","adv-header-id-meta":"","stick-header-meta":"","header-above-stick-meta":"","header-main-stick-meta":"","header-below-stick-meta":"","astra-migrate-meta-layouts":"default","ast-page-background-enabled":"default","ast-page-background-meta":{"desktop":{"background-color":"var(--ast-global-color-4)","background-image":"","background-repeat":"repeat","background-position":"center center","background-size":"auto","background-attachment":"scroll","background-type":"","background-media":"","overlay-type":"","overlay-color":"","overlay-opacity":"","overlay-gradient":""},"tablet":{"background-color":"","background-image":"","background-repeat":"repeat","background-position":"center center","background-size":"auto","background-attachment":"scroll","background-type":"","background-media":"","overlay-type":"","overlay-color":"","overlay-opacity":"","overlay-gradient":""},"mobile":{"background-color":"","background-image":"","background-repeat":"repeat","background-position":"center center","background-size":"auto","background-attachment":"scroll","background-type":"","background-media":"","overlay-type":"","overlay-color":"","overlay-opacity":"","overlay-gradient":""}},"ast-content-background-meta":{"desktop":{"background-color":"var(--ast-global-color-5)","background-image":"","background-repeat":"repeat","background-position":"center center","background-size":"auto","background-attachment":"scroll","background-type":"","background-media":"","overlay-type":"","overlay-color":"","overlay-opacity":"","overlay-gradient":""},"tablet":{"background-color":"var(--ast-global-color-5)","background-image":"","background-repeat":"repeat","background-position":"center center","background-size":"auto","background-attachment":"scroll","background-type":"","background-media":"","overlay-type":"","overlay-color":"","overlay-opacity":"","overlay-gradient":""},"mobile":{"background-color":"var(--ast-global-color-5)","background-image":"","background-repeat":"repeat","background-position":"center center","background-size":"auto","background-attachment":"scroll","background-type":"","background-media":"","overlay-type":"","overlay-color":"","overlay-opacity":"","overlay-gradient":""}},"footnotes":""},"class_list":["post-1086","page","type-page","status-publish","hentry"],"_links":{"self":[{"href":"https:\/\/valiant.ad\/ca\/wp-json\/wp\/v2\/pages\/1086","targetHints":{"allow":["GET"]}}],"collection":[{"href":"https:\/\/valiant.ad\/ca\/wp-json\/wp\/v2\/pages"}],"about":[{"href":"https:\/\/valiant.ad\/ca\/wp-json\/wp\/v2\/types\/page"}],"author":[{"embeddable":true,"href":"https:\/\/valiant.ad\/ca\/wp-json\/wp\/v2\/users\/1"}],"replies":[{"embeddable":true,"href":"https:\/\/valiant.ad\/ca\/wp-json\/wp\/v2\/comments?post=1086"}],"version-history":[{"count":1,"href":"https:\/\/valiant.ad\/ca\/wp-json\/wp\/v2\/pages\/1086\/revisions"}],"predecessor-version":[{"id":1087,"href":"https:\/\/valiant.ad\/ca\/wp-json\/wp\/v2\/pages\/1086\/revisions\/1087"}],"wp:attachment":[{"href":"https:\/\/valiant.ad\/ca\/wp-json\/wp\/v2\/media?parent=1086"}],"curies":[{"name":"wp","href":"https:\/\/api.w.org\/{rel}","templated":true}]}}