{"id":1088,"date":"2023-02-08T19:09:18","date_gmt":"2023-02-08T19:09:18","guid":{"rendered":"https:\/\/valiant.ad\/politica-de-privacidad\/"},"modified":"2025-12-11T20:48:42","modified_gmt":"2025-12-11T20:48:42","slug":"politica-de-privacidad","status":"publish","type":"page","link":"https:\/\/valiant.ad\/es\/politica-de-privacidad\/","title":{"rendered":"Pol\u00edtica de privacidad"},"content":{"rendered":"\n<h2 class=\"wp-block-heading\">Visi\u00f3n general<\/h2>\n\n<p>En Valiant SLU, entendemos que la privacidad de tu Informaci\u00f3n Personal Identificable (PII) es importante. PII se refiere a cualquier informaci\u00f3n que pueda identificar, contactar o localizar a una persona, ya sea de forma independiente o en conjunto con otra informaci\u00f3n. Esta pol\u00edtica de privacidad detalla c\u00f3mo recopilamos, utilizamos, protegemos y gestionamos tu informaci\u00f3n personal identificada conforme a nuestra p\u00e1gina web.<\/p>\n\n<h2 class=\"wp-block-heading\">\u00bfUsamos cookies?<\/h2>\n\n<p>Uso de cookies Utilizamos cookies, que son peque\u00f1os archivos que nuestro sitio o proveedor de servicios transfiere al disco duro de tu ordenador a trav\u00e9s de tu navegador web (si est\u00e1 permitido), para ayudarnos a reconocer tu navegador, recordar y procesar los art\u00edculos de tu carrito de la compra, y entender tus preferencias bas\u00e1ndonos en la actividad previa o actual del sitio. Las cookies tambi\u00e9n nos ayudan a recopilar datos agregados sobre el tr\u00e1fico y las interacciones del sitio para poder mejorar nuestras experiencias y herramientas en el futuro.<\/p>\n\n<p><strong>Utilizamos cookies para:<\/strong><\/p>\n\n<ul class=\"wp-block-list\">\n<li>Compila datos agregados sobre el tr\u00e1fico y las interacciones del sitio para ofrecer mejores experiencias y herramientas en el futuro.<\/li>\n\n\n\n<li>Utiliza servicios de terceros de confianza que rastrean esta informaci\u00f3n en nuestro nombre.<\/li>\n<\/ul>\n\n<p>Puedes elegir que tu ordenador te avise cada vez que se env\u00ede una cookie, o puedes desactivar todas las cookies desde la configuraci\u00f3n de tu navegador. Sin embargo, algunas funciones de nuestro sitio pueden no funcionar correctamente si lo haces.<\/p>\n\n<h2 class=\"wp-block-heading\">Divulgaci\u00f3n de terceros  <\/h2>\n\n<p>No vendemos, intercambiamos ni transferimos tu Informaci\u00f3n Personal Identificable a terceros a menos que te proporcionemos un aviso previo. Esto no incluye a los socios de alojamiento web ni a otras partes que nos ayudan a operar nuestro sitio web, realizar nuestro negocio o atender a nuestros usuarios, siempre que esas partes acepten mantener esta informaci\u00f3n confidencial. Tambi\u00e9n podemos divulgar informaci\u00f3n cuando sea apropiado cumplir con la ley, hacer cumplir las pol\u00edticas de nuestro sitio o proteger nuestros derechos, propiedad o seguridad o los de otros. Sin embargo, la informaci\u00f3n de visitantes no identificable personalmente puede ser proporcionada a otras partes para fines de marketing, publicidad u otros usos.<\/p>\n\n<h3 class=\"wp-block-heading\">Enlaces de terceros  <\/h3>\n\n<p>En ocasiones, podemos ofrecer o incluir productos o servicios de terceros en nuestra p\u00e1gina web. Estos sitios de terceros tienen pol\u00edticas de privacidad separadas e independientes. No tenemos ninguna responsabilidad ni responsabilidad por el contenido y las actividades de estos sitios enlazados, pero nos esforzamos por proteger la integridad de nuestro sitio y agradecemos cualquier comentario sobre estos sitios.<\/p>\n\n<p>Google Advertising Puede que en el futuro activemos Google AdSense en nuestro sitio. Los requisitos publicitarios de Google se encuentran en los Principios de Publicidad de Google, que est\u00e1n dise\u00f1ados para ofrecer una experiencia positiva a los usuarios. Por favor, visita el enlace proporcionado para m\u00e1s informaci\u00f3n.<\/p>\n\n<h2 class=\"wp-block-heading\">Ley de Protecci\u00f3n de la Privacidad en L\u00ednea de California (CalOPPA)<\/h2>\n\n<p>CalOPPA es una ley estatal que exige que los sitios web comerciales y los servicios en l\u00ednea publiquen una pol\u00edtica de privacidad. Esta ley se aplica a cualquier persona o empresa en Estados Unidos (y potencialmente en el mundo) que opere sitios web que recopilen Informaci\u00f3n Personal Identificable de consumidores de California. Nuestra pol\u00edtica de privacidad detalla claramente la informaci\u00f3n que se est\u00e1 recopilando y las personas o empresas con las que se comparte.<\/p>\n\n<h3 class=\"wp-block-heading\">Ley de Protecci\u00f3n de la Privacidad Infantil en L\u00ednea (COPPA)<\/h3>\n\n<p>Cumplimos con la Ley de Protecci\u00f3n de la Privacidad Infantil en Internet (COPPA) al recopilar informaci\u00f3n personal de menores de 13 a\u00f1os. La Comisi\u00f3n Federal de Comercio hace cumplir la norma COPPA, que establece lo que los operadores de sitios web y los servicios en l\u00ednea deben hacer para proteger la privacidad y seguridad de los ni\u00f1os en l\u00ednea.<\/p>\n","protected":false},"excerpt":{"rendered":"<p>Visi\u00f3n general En Valiant SLU, entendemos que la privacidad de tu Informaci\u00f3n Personal Identificable (PII) es importante. PII se refiere a cualquier informaci\u00f3n que pueda identificar, contactar o localizar a una persona, ya sea de forma independiente o en conjunto con otra informaci\u00f3n. Esta pol\u00edtica de privacidad detalla c\u00f3mo recopilamos, utilizamos, protegemos y gestionamos tu [&hellip;]<\/p>\n","protected":false},"author":1,"featured_media":0,"parent":0,"menu_order":0,"comment_status":"closed","ping_status":"open","template":"","meta":{"site-sidebar-layout":"default","site-content-layout":"","ast-site-content-layout":"default","site-content-style":"default","site-sidebar-style":"default","ast-global-header-display":"","ast-banner-title-visibility":"","ast-main-header-display":"","ast-hfb-above-header-display":"","ast-hfb-below-header-display":"","ast-hfb-mobile-header-display":"","site-post-title":"","ast-breadcrumbs-content":"","ast-featured-img":"","footer-sml-layout":"","ast-disable-related-posts":"","theme-transparent-header-meta":"","adv-header-id-meta":"","stick-header-meta":"","header-above-stick-meta":"","header-main-stick-meta":"","header-below-stick-meta":"","astra-migrate-meta-layouts":"default","ast-page-background-enabled":"default","ast-page-background-meta":{"desktop":{"background-color":"var(--ast-global-color-4)","background-image":"","background-repeat":"repeat","background-position":"center center","background-size":"auto","background-attachment":"scroll","background-type":"","background-media":"","overlay-type":"","overlay-color":"","overlay-opacity":"","overlay-gradient":""},"tablet":{"background-color":"","background-image":"","background-repeat":"repeat","background-position":"center center","background-size":"auto","background-attachment":"scroll","background-type":"","background-media":"","overlay-type":"","overlay-color":"","overlay-opacity":"","overlay-gradient":""},"mobile":{"background-color":"","background-image":"","background-repeat":"repeat","background-position":"center center","background-size":"auto","background-attachment":"scroll","background-type":"","background-media":"","overlay-type":"","overlay-color":"","overlay-opacity":"","overlay-gradient":""}},"ast-content-background-meta":{"desktop":{"background-color":"var(--ast-global-color-5)","background-image":"","background-repeat":"repeat","background-position":"center center","background-size":"auto","background-attachment":"scroll","background-type":"","background-media":"","overlay-type":"","overlay-color":"","overlay-opacity":"","overlay-gradient":""},"tablet":{"background-color":"var(--ast-global-color-5)","background-image":"","background-repeat":"repeat","background-position":"center center","background-size":"auto","background-attachment":"scroll","background-type":"","background-media":"","overlay-type":"","overlay-color":"","overlay-opacity":"","overlay-gradient":""},"mobile":{"background-color":"var(--ast-global-color-5)","background-image":"","background-repeat":"repeat","background-position":"center center","background-size":"auto","background-attachment":"scroll","background-type":"","background-media":"","overlay-type":"","overlay-color":"","overlay-opacity":"","overlay-gradient":""}},"footnotes":""},"class_list":["post-1088","page","type-page","status-publish","hentry"],"_links":{"self":[{"href":"https:\/\/valiant.ad\/es\/wp-json\/wp\/v2\/pages\/1088","targetHints":{"allow":["GET"]}}],"collection":[{"href":"https:\/\/valiant.ad\/es\/wp-json\/wp\/v2\/pages"}],"about":[{"href":"https:\/\/valiant.ad\/es\/wp-json\/wp\/v2\/types\/page"}],"author":[{"embeddable":true,"href":"https:\/\/valiant.ad\/es\/wp-json\/wp\/v2\/users\/1"}],"replies":[{"embeddable":true,"href":"https:\/\/valiant.ad\/es\/wp-json\/wp\/v2\/comments?post=1088"}],"version-history":[{"count":1,"href":"https:\/\/valiant.ad\/es\/wp-json\/wp\/v2\/pages\/1088\/revisions"}],"predecessor-version":[{"id":1089,"href":"https:\/\/valiant.ad\/es\/wp-json\/wp\/v2\/pages\/1088\/revisions\/1089"}],"wp:attachment":[{"href":"https:\/\/valiant.ad\/es\/wp-json\/wp\/v2\/media?parent=1088"}],"curies":[{"name":"wp","href":"https:\/\/api.w.org\/{rel}","templated":true}]}}